{"id":7,"date":"2023-08-02T13:36:23","date_gmt":"2023-08-02T16:36:23","guid":{"rendered":"https:\/\/ferrazdistribuidora.com.br\/index.php\/one-page-express\/"},"modified":"2023-08-09T21:40:32","modified_gmt":"2023-08-10T00:40:32","slug":"one-page-express","status":"publish","type":"page","link":"https:\/\/ferrazdistribuidora.com.br\/","title":{"rendered":"Front Page"},"content":{"rendered":"<div  data-label=\"Portfolio\" data-id=\"portfolio-cards-section\" data-category=\"portfolio\" class=\"portfolio-cards-section\" id=\"portfolio-1\" style=\"background-color: rgb(246, 246, 246);\"> <div  class=\"gridContainer\"> <div  class=\"portfolio-cards-textcol dynamic-color\" data-type=\"column\"> <h2  class=\"\">Conhe\u00e7a nossos produtos&nbsp;<\/h2> <p  class=\"\">Quando se fala em hortifruti, a gente entende do assunto!<\/p> <\/div> <div  class=\"portfolio-cards-projectsro dark-text\" data-type=\"row\"> <div  class=\"portfolio-cards-projectcol cp6cols-tablet cp3cols\"> <div  class=\"portfolio-cards-projectcard\"> <div  class=\"contentswap-effect ContentSwap104\" hover-fx=\"ContentSwap104\" id=\"ContentSwap104\" is-hovered=\"0\"> <div  class=\"ContentSwap104_content initial-image\"><img  decoding=\"async\" class=\"portfolio-cards-projectimg\" data-size=\"1200x800\" src=\"http:\/\/ferrazdistribuidora.com.br\/wp-content\/uploads\/2023\/08\/cropped-close-up-natural-potatoes-floor.jpg\"> <\/div> <div  class=\"overlay\" style=\"display: block; opacity: 1;\"><\/div> <div  class=\"swap-inner\" style=\"opacity: 1; display: block;\"> <div  class=\"ContentSwap104-center\"> <a href=\"#\" target=\"_self\" data-reiki-hidden=\"true\" rel=\"noopener\"><i  data-cp-fa=\"true\" class=\"portfolio-card-icon fa fa-search\"><\/i><\/a> <\/div> <\/div> <\/div> <div  class=\"portfolio-cards-projectinfo\"> <div  class=\"portfolio-cards-projnamecol\" data-type=\"column\"> <a href=\"#\" class=\"portfolio-cards-projlink\" target=\"_self\" rel=\"noopener\"><h4  class=\"portfolio-cards-projtitle\">Batata Inglesa<\/h4><\/a> <\/div> <\/div> <\/div> <\/div> <div  class=\"portfolio-cards-projectcol cp6cols-tablet cp3cols\"> <div  class=\"portfolio-cards-projectcard\"> <div  class=\"contentswap-effect ContentSwap104\" hover-fx=\"ContentSwap104\" id=\"ContentSwap104\" is-hovered=\"1\"> <div  class=\"ContentSwap104_content initial-image\"><img  decoding=\"async\" class=\"portfolio-cards-projectimg\" data-size=\"1200x800\" src=\"http:\/\/ferrazdistribuidora.com.br\/wp-content\/uploads\/2023\/08\/cropped-batata-bolinha.jpg\"> <\/div> <div  class=\"overlay\" style=\"display: block; opacity: 1;\"><\/div> <div  class=\"swap-inner\" style=\"opacity: 1; display: block;\"> <div  class=\"ContentSwap104-center\"> <a href=\"#\" target=\"_self\" data-reiki-hidden=\"true\" rel=\"noopener\"><i  data-cp-fa=\"true\" class=\"portfolio-card-icon fa fa-search\"><\/i><\/a> <\/div> <\/div> <\/div> <div  class=\"portfolio-cards-projectinfo\"> <div  class=\"portfolio-cards-projnamecol\" data-type=\"column\"> <a href=\"#\" class=\"portfolio-cards-projlink\" target=\"_self\" rel=\"noopener\"><h4  class=\"portfolio-cards-projtitle\">Batata Bolinha<\/h4><\/a> <\/div> <\/div> <\/div> <\/div> <div  class=\"portfolio-cards-projectcol cp6cols-tablet cp3cols\"> <div  class=\"portfolio-cards-projectcard\"> <div  class=\"contentswap-effect ContentSwap104\" hover-fx=\"ContentSwap104\" id=\"ContentSwap104\" is-hovered=\"1\"> <div  class=\"ContentSwap104_content initial-image\"><img  decoding=\"async\" class=\"portfolio-cards-projectimg\" data-size=\"1200x800\" src=\"http:\/\/ferrazdistribuidora.com.br\/wp-content\/uploads\/2023\/08\/cropped-batata-doce.jpg\"> <\/div> <div  class=\"overlay\" style=\"display: block; opacity: 1;\"><\/div> <div  class=\"swap-inner\" style=\"opacity: 1; display: block;\"> <div  class=\"ContentSwap104-center\"> <a href=\"#\" target=\"_self\" data-reiki-hidden=\"true\" rel=\"noopener\"><i  data-cp-fa=\"true\" class=\"portfolio-card-icon fa fa-search\"><\/i><\/a> <\/div> <\/div> <\/div> <div  class=\"portfolio-cards-projectinfo\"> <div  class=\"portfolio-cards-projnamecol\" data-type=\"column\"> <a href=\"#\" class=\"portfolio-cards-projlink\" target=\"_self\" rel=\"noopener\"><h4  class=\"portfolio-cards-projtitle\">Batata Doce<\/h4><\/a> <\/div> <\/div> <\/div> <\/div> <div  class=\"portfolio-cards-projectcol cp6cols-tablet cp3cols\"> <div  class=\"portfolio-cards-projectcard\"> <div  class=\"contentswap-effect ContentSwap104\" hover-fx=\"ContentSwap104\" id=\"ContentSwap104\" is-hovered=\"1\"> <div  class=\"ContentSwap104_content initial-image\"><img  decoding=\"async\" class=\"portfolio-cards-projectimg\" data-size=\"1200x800\" src=\"http:\/\/ferrazdistribuidora.com.br\/wp-content\/uploads\/2023\/08\/cropped-close-up-view-yellow-red-onions.jpg\"> <\/div> <div  class=\"overlay\" style=\"display: block; opacity: 1;\"><\/div> <div  class=\"swap-inner\" style=\"opacity: 1; display: block;\"> <div  class=\"ContentSwap104-center\"> <a href=\"#\" target=\"_self\" data-reiki-hidden=\"true\" rel=\"noopener\"><i  data-cp-fa=\"true\" class=\"portfolio-card-icon fa fa-search\"><\/i><\/a> <\/div> <\/div> <\/div> <div  class=\"portfolio-cards-projectinfo\"> <div  class=\"portfolio-cards-projnamecol\" data-type=\"column\"> <a href=\"#\" class=\"portfolio-cards-projlink\" target=\"_self\" rel=\"noopener\"><h4  class=\"portfolio-cards-projtitle\">Cebola Branca<\/h4><\/a> <\/div> <\/div> <\/div> <\/div> <div  class=\"portfolio-cards-projectcol cp6cols-tablet cp3cols\"> <div  class=\"portfolio-cards-projectcard\"> <div  class=\"contentswap-effect ContentSwap104\" hover-fx=\"ContentSwap104\" id=\"ContentSwap104\" is-hovered=\"1\"> <div  class=\"ContentSwap104_content initial-image\"><img  decoding=\"async\" class=\"portfolio-cards-projectimg\" data-size=\"1200x800\" src=\"http:\/\/ferrazdistribuidora.com.br\/wp-content\/uploads\/2023\/08\/cropped-cebola-roxa.jpg\"> <\/div> <div  class=\"overlay\" style=\"display: block; opacity: 1;\"><\/div> <div  class=\"swap-inner\" style=\"opacity: 1; display: block;\"> <div  class=\"ContentSwap104-center\"> <a href=\"#\" target=\"_self\" data-reiki-hidden=\"true\" rel=\"noopener\"><i  data-cp-fa=\"true\" class=\"portfolio-card-icon fa fa-search\"><\/i><\/a> <\/div> <\/div> <\/div> <div  class=\"portfolio-cards-projectinfo\"> <div  class=\"portfolio-cards-projnamecol\" data-type=\"column\"> <a href=\"#\" class=\"portfolio-cards-projlink\" target=\"_self\" rel=\"noopener\"><h4  class=\"portfolio-cards-projtitle\">Cebola Roxa<\/h4><\/a> <\/div> <\/div> <\/div> <\/div> <div  class=\"portfolio-cards-projectcol cp6cols-tablet cp3cols\"> <div  class=\"portfolio-cards-projectcard\"> <div  class=\"contentswap-effect ContentSwap104\" hover-fx=\"ContentSwap104\" id=\"ContentSwap104\" is-hovered=\"1\"> <div  class=\"ContentSwap104_content initial-image\"><img  decoding=\"async\" class=\"portfolio-cards-projectimg\" data-size=\"1200x800\" src=\"http:\/\/ferrazdistribuidora.com.br\/wp-content\/uploads\/2023\/08\/cropped-cebolinha.jpeg\"> <\/div> <div  class=\"overlay\" style=\"display: block; opacity: 1;\"><\/div> <div  class=\"swap-inner\" style=\"opacity: 1; display: block;\"> <div  class=\"ContentSwap104-center\"> <a href=\"#\" target=\"_self\" data-reiki-hidden=\"true\" rel=\"noopener\"><i  data-cp-fa=\"true\" class=\"portfolio-card-icon fa fa-search\"><\/i><\/a> <\/div> <\/div> <\/div> <div  class=\"portfolio-cards-projectinfo\"> <div  class=\"portfolio-cards-projnamecol\" data-type=\"column\"> <a href=\"#\" class=\"portfolio-cards-projlink\" target=\"_self\" rel=\"noopener\"><h4  class=\"portfolio-cards-projtitle\">Cebolinha<\/h4><\/a> <\/div> <\/div> <\/div> <\/div> <div  class=\"portfolio-cards-projectcol cp6cols-tablet cp3cols\"> <div  class=\"portfolio-cards-projectcard\"> <div  class=\"contentswap-effect ContentSwap104\" hover-fx=\"ContentSwap104\" id=\"ContentSwap104\" is-hovered=\"0\"> <div  class=\"ContentSwap104_content initial-image\"><img  decoding=\"async\" class=\"portfolio-cards-projectimg\" data-size=\"1200x800\" src=\"http:\/\/ferrazdistribuidora.com.br\/wp-content\/uploads\/2023\/08\/cropped-ovo-branco.jpg\"> <\/div> <div  class=\"overlay\" style=\"display: block; opacity: 1;\"><\/div> <div  class=\"swap-inner\" style=\"opacity: 1; display: block;\"> <div  class=\"ContentSwap104-center\"> <a href=\"#\" target=\"_self\" data-reiki-hidden=\"true\" rel=\"noopener\"><i  data-cp-fa=\"true\" class=\"portfolio-card-icon fa fa-search\"><\/i><\/a> <\/div> <\/div> <\/div> <div  class=\"portfolio-cards-projectinfo\"> <div  class=\"portfolio-cards-projnamecol\" data-type=\"column\"> <a href=\"#\" class=\"portfolio-cards-projlink\" target=\"_self\" rel=\"noopener\"><h4  class=\"portfolio-cards-projtitle\">Ovo Branco<\/h4><\/a> <\/div> <\/div> <\/div> <\/div><div  class=\"portfolio-cards-projectcol cp6cols-tablet cp3cols\"> <div  class=\"portfolio-cards-projectcard\"> <div  class=\"contentswap-effect ContentSwap104\" hover-fx=\"ContentSwap104\" id=\"ContentSwap104\" is-hovered=\"0\"> <div  class=\"ContentSwap104_content initial-image\"><img  decoding=\"async\" class=\"portfolio-cards-projectimg\" data-size=\"1200x800\" src=\"http:\/\/ferrazdistribuidora.com.br\/wp-content\/uploads\/2023\/08\/cropped-ovo-caipira-1.jpg\"> <\/div> <div  class=\"overlay\" style=\"display: block; opacity: 1;\"><\/div> <div  class=\"swap-inner\" style=\"opacity: 1; display: block;\"> <div  class=\"ContentSwap104-center\"> <a href=\"#\" target=\"_self\" data-reiki-hidden=\"true\" rel=\"noopener\"><i  data-cp-fa=\"true\" class=\"portfolio-card-icon fa fa-search\"><\/i><\/a> <\/div> <\/div> <\/div> <div  class=\"portfolio-cards-projectinfo\"> <div  class=\"portfolio-cards-projnamecol\" data-type=\"column\"> <a href=\"#\" class=\"portfolio-cards-projlink\" target=\"_self\" rel=\"noopener\"><h4  class=\"portfolio-cards-projtitle\">Ovo Caipira<\/h4><\/a> <\/div> <\/div> <\/div> <\/div><div  class=\"portfolio-cards-projectcol cp6cols-tablet cp3cols\"> <div  class=\"portfolio-cards-projectcard\"> <div  class=\"contentswap-effect ContentSwap104\" hover-fx=\"ContentSwap104\" id=\"ContentSwap104\" is-hovered=\"0\"> <div  class=\"ContentSwap104_content initial-image\"><img  decoding=\"async\" class=\"portfolio-cards-projectimg\" data-size=\"1200x800\" src=\"http:\/\/ferrazdistribuidora.com.br\/wp-content\/uploads\/2023\/08\/cropped-ovo-codorna.jpg\"> <\/div> <div  class=\"overlay\" style=\"display: block; opacity: 1;\"><\/div> <div  class=\"swap-inner\" style=\"opacity: 1; display: block;\"> <div  class=\"ContentSwap104-center\"> <a href=\"#\" target=\"_self\" data-reiki-hidden=\"true\" rel=\"noopener\"><i  data-cp-fa=\"true\" class=\"portfolio-card-icon fa fa-search\"><\/i><\/a> <\/div> <\/div> <\/div> <div  class=\"portfolio-cards-projectinfo\"> <div  class=\"portfolio-cards-projnamecol\" data-type=\"column\"> <a href=\"#\" class=\"portfolio-cards-projlink\" target=\"_self\" rel=\"noopener\"><h4  class=\"portfolio-cards-projtitle\">Ovo de Codorna<\/h4><\/a> <\/div> <\/div> <\/div> <\/div><div  class=\"portfolio-cards-projectcol cp6cols-tablet cp3cols\"> <div  class=\"portfolio-cards-projectcard\"> <div  class=\"contentswap-effect ContentSwap104\" hover-fx=\"ContentSwap104\" id=\"ContentSwap104\" is-hovered=\"0\"> <div  class=\"ContentSwap104_content initial-image\"><img  decoding=\"async\" class=\"portfolio-cards-projectimg\" data-size=\"1200x800\" src=\"http:\/\/ferrazdistribuidora.com.br\/wp-content\/uploads\/2023\/08\/cropped-alho.jpg\"> <\/div> <div  class=\"overlay\" style=\"display: block; opacity: 1;\"><\/div> <div  class=\"swap-inner\" style=\"opacity: 1; display: block;\"> <div  class=\"ContentSwap104-center\"> <a href=\"#\" target=\"_self\" data-reiki-hidden=\"true\" rel=\"noopener\"><i  data-cp-fa=\"true\" class=\"portfolio-card-icon fa fa-search\"><\/i><\/a> <\/div> <\/div> <\/div> <div  class=\"portfolio-cards-projectinfo\"> <div  class=\"portfolio-cards-projnamecol\" data-type=\"column\"> <a href=\"#\" class=\"portfolio-cards-projlink\" target=\"_self\" rel=\"noopener\"><h4  class=\"portfolio-cards-projtitle\">Alho<\/h4><\/a> <\/div> <\/div> <\/div> <\/div><div  class=\"portfolio-cards-projectcol cp6cols-tablet cp3cols\"> <div  class=\"portfolio-cards-projectcard\"> <div  class=\"contentswap-effect ContentSwap104\" hover-fx=\"ContentSwap104\" id=\"ContentSwap104\" is-hovered=\"0\"> <div  class=\"ContentSwap104_content initial-image\"><img  decoding=\"async\" class=\"portfolio-cards-projectimg\" data-size=\"1200x800\" src=\"http:\/\/ferrazdistribuidora.com.br\/wp-content\/uploads\/2023\/08\/cropped-alho-descascado.jpg\"> <\/div> <div  class=\"overlay\" style=\"display: block; opacity: 1;\"><\/div> <div  class=\"swap-inner\" style=\"opacity: 1; display: block;\"> <div  class=\"ContentSwap104-center\"> <a href=\"#\" target=\"_self\" data-reiki-hidden=\"true\" rel=\"noopener\"><i  data-cp-fa=\"true\" class=\"portfolio-card-icon fa fa-search\"><\/i><\/a> <\/div> <\/div> <\/div> <div  class=\"portfolio-cards-projectinfo\"> <div  class=\"portfolio-cards-projnamecol\" data-type=\"column\"> <a href=\"#\" class=\"portfolio-cards-projlink\" target=\"_self\" rel=\"noopener\"><h4  class=\"portfolio-cards-projtitle\">Alho Descascado<\/h4><\/a> <\/div> <\/div> <\/div> <\/div><div  class=\"portfolio-cards-projectcol cp6cols-tablet cp3cols\"> <div  class=\"portfolio-cards-projectcard\"> <div  class=\"contentswap-effect ContentSwap104\" hover-fx=\"ContentSwap104\" id=\"ContentSwap104\" is-hovered=\"0\"> <div  class=\"ContentSwap104_content initial-image\"><img  decoding=\"async\" class=\"portfolio-cards-projectimg\" data-size=\"1200x800\" src=\"http:\/\/ferrazdistribuidora.com.br\/wp-content\/uploads\/2023\/08\/cropped-restia.jpeg\"> <\/div> <div  class=\"overlay\" style=\"display: block; opacity: 1;\"><\/div> <div  class=\"swap-inner\" style=\"opacity: 1; display: block;\"> <div  class=\"ContentSwap104-center\"> <a href=\"#\" target=\"_self\" data-reiki-hidden=\"true\" rel=\"noopener\"><i  data-cp-fa=\"true\" class=\"portfolio-card-icon fa fa-search\"><\/i><\/a> <\/div> <\/div> <\/div> <div  class=\"portfolio-cards-projectinfo\"> <div  class=\"portfolio-cards-projnamecol\" data-type=\"column\"> <a href=\"#\" class=\"portfolio-cards-projlink\" target=\"_self\" rel=\"noopener\"><h4  class=\"portfolio-cards-projtitle\">R\u00e9stias Pimenta, Cebola e Alho<\/h4><\/a> <\/div> <\/div> <\/div> <\/div><div  class=\"portfolio-cards-projectcol cp6cols-tablet cp3cols\"> <div  class=\"portfolio-cards-projectcard\"> <div  class=\"contentswap-effect ContentSwap104\" hover-fx=\"ContentSwap104\" id=\"ContentSwap104\" is-hovered=\"0\"> <div  class=\"ContentSwap104_content initial-image\"><img  decoding=\"async\" class=\"portfolio-cards-projectimg\" data-size=\"1200x800\" src=\"http:\/\/ferrazdistribuidora.com.br\/wp-content\/uploads\/2023\/08\/cropped-cropped-laranja.jpg\"> <\/div> <div  class=\"overlay\" style=\"display: block; opacity: 1;\"><\/div> <div  class=\"swap-inner\" style=\"opacity: 1; display: block;\"> <div  class=\"ContentSwap104-center\"> <a href=\"#\" target=\"_self\" data-reiki-hidden=\"true\" rel=\"noopener\"><i  data-cp-fa=\"true\" class=\"portfolio-card-icon fa fa-search\"><\/i><\/a> <\/div> <\/div> <\/div> <div  class=\"portfolio-cards-projectinfo\"> <div  class=\"portfolio-cards-projnamecol\" data-type=\"column\"> <a href=\"#\" class=\"portfolio-cards-projlink\" target=\"_self\" rel=\"noopener\"><h4  class=\"portfolio-cards-projtitle\">Laranja<\/h4><\/a> <\/div> <\/div> <\/div> <\/div><div  class=\"portfolio-cards-projectcol cp6cols-tablet cp3cols\"> <div  class=\"portfolio-cards-projectcard\"> <div  class=\"contentswap-effect ContentSwap104\" hover-fx=\"ContentSwap104\" id=\"ContentSwap104\" is-hovered=\"0\"> <div  class=\"ContentSwap104_content initial-image\"><img  decoding=\"async\" class=\"portfolio-cards-projectimg\" data-size=\"1200x800\" src=\"http:\/\/ferrazdistribuidora.com.br\/wp-content\/uploads\/2023\/08\/cropped-limao.jpg\"> <\/div> <div  class=\"overlay\" style=\"display: block; opacity: 1;\"><\/div> <div  class=\"swap-inner\" style=\"opacity: 1; display: block;\"> <div  class=\"ContentSwap104-center\"> <a href=\"#\" target=\"_self\" data-reiki-hidden=\"true\" rel=\"noopener\"><i  data-cp-fa=\"true\" class=\"portfolio-card-icon fa fa-search\"><\/i><\/a> <\/div> <\/div> <\/div> <div  class=\"portfolio-cards-projectinfo\"> <div  class=\"portfolio-cards-projnamecol\" data-type=\"column\"> <a href=\"#\" class=\"portfolio-cards-projlink\" target=\"_self\" rel=\"noopener\"><h4  class=\"portfolio-cards-projtitle\">Lim\u00e3o<\/h4><\/a> <\/div> <\/div> <\/div> <\/div><div  class=\"portfolio-cards-projectcol cp6cols-tablet cp3cols\"> <div  class=\"portfolio-cards-projectcard\"> <div  class=\"contentswap-effect ContentSwap104\" hover-fx=\"ContentSwap104\" id=\"ContentSwap104\" is-hovered=\"0\"> <div  class=\"ContentSwap104_content initial-image\"><img  decoding=\"async\" class=\"portfolio-cards-projectimg\" data-size=\"1200x800\" src=\"http:\/\/ferrazdistribuidora.com.br\/wp-content\/uploads\/2023\/08\/cropped-tomate-scaled-1.jpg\"> <\/div> <div  class=\"overlay\" style=\"display: block; opacity: 1;\"><\/div> <div  class=\"swap-inner\" style=\"opacity: 1; display: block;\"> <div  class=\"ContentSwap104-center\"> <a href=\"#\" target=\"_self\" data-reiki-hidden=\"true\" rel=\"noopener\"><i  data-cp-fa=\"true\" class=\"portfolio-card-icon fa fa-search\"><\/i><\/a> <\/div> <\/div> <\/div> <div  class=\"portfolio-cards-projectinfo\"> <div  class=\"portfolio-cards-projnamecol\" data-type=\"column\"> <a href=\"#\" class=\"portfolio-cards-projlink\" target=\"_self\" rel=\"noopener\"><h4  class=\"portfolio-cards-projtitle\">Tomate<\/h4><\/a> <\/div> <\/div> <\/div> <\/div><div  class=\"portfolio-cards-projectcol cp6cols-tablet cp3cols\"> <div  class=\"portfolio-cards-projectcard\"> <div  class=\"contentswap-effect ContentSwap104\" hover-fx=\"ContentSwap104\" id=\"ContentSwap104\" is-hovered=\"0\"> <div  class=\"ContentSwap104_content initial-image\"><img  decoding=\"async\" class=\"portfolio-cards-projectimg\" data-size=\"1200x800\" src=\"http:\/\/ferrazdistribuidora.com.br\/wp-content\/uploads\/2023\/08\/cropped-verduras-scaled-1.jpg\"> <\/div> <div  class=\"overlay\" style=\"display: block; opacity: 1;\"><\/div> <div  class=\"swap-inner\" style=\"opacity: 1; display: block;\"> <div  class=\"ContentSwap104-center\"> <a href=\"#\" target=\"_self\" data-reiki-hidden=\"true\" rel=\"noopener\"><i  data-cp-fa=\"true\" class=\"portfolio-card-icon fa fa-search\"><\/i><\/a> <\/div> <\/div> <\/div> <div  class=\"portfolio-cards-projectinfo\"> <div  class=\"portfolio-cards-projnamecol\" data-type=\"column\"> <a href=\"#\" class=\"portfolio-cards-projlink\" target=\"_self\" rel=\"noopener\"><h4  class=\"portfolio-cards-projtitle\">Verduras e Legumes<\/h4><\/a> <\/div> <\/div> <\/div> <\/div><\/div> <\/div><\/div><div  data-label=\"About\" data-id=\"about-big-images-section\" data-category=\"about\" class=\"about-big-images-section\" id=\"about-1\" style=\"background-color: rgb(246, 246, 246);\"> <div  class=\"gridContainer\"> <div  class=\"about-big-images-textrow\"> <div  class=\"about-big-images-textcol dynamic-color\" data-type=\"column\"> <h5  class=\"\">SOBRE A FERRAZ<\/h5>  <p  class=\"\">Formamos um time que entende de hortifruti desde a sele\u00e7\u00e3o at\u00e9 o preparo. Nosso portf\u00f3lio inclui os melhores restaurantes e lanchonetes de S\u00e3o Paulo e regi\u00e3o, como Grupo Debetti, The Burger Map, Grupo Adega Santiago, Lolla Meats Fire entre outros. E n\u00e3o a toa, nossos clientes j\u00e1 sa\u00edram diversas vezes na lista das melhores batatas da cidade. As batatas in natura, com as quais trabalhamos, oferecem muitas vantagens, elas v\u00eam livre de aditivos, o que as torna muito mais crocantes, mais saborosas e suculentas, sem compara\u00e7\u00e3o com nenhuma batata congelada. Batatas premium s\u00e3o o nosso carro chefe, no entanto, n\u00e3o paramos por a\u00ed. Levamos nosso conhecimento sobre fornecedores, sele\u00e7\u00e3o, armazenamento e entrega para outros produtos como cebolas, alhos, ovos, conservas e especiarias e hortifruti em geral.<\/p>  <\/div> <\/div> <\/div> <div  class=\"about-big-images-bottomrow\"> <div  class=\"about-big-images-leftimgcol\"><img  decoding=\"async\" class=\"about-big-images-leftimg\" src=\"http:\/\/ferrazdistribuidora.com.br\/wp-content\/uploads\/2023\/08\/front-view-field-with-plants-landscape-scaled.jpg\" alt=\"\"> <\/div> <div  class=\"about-big-images-centerimgcol\"><img  decoding=\"async\" class=\"about-big-images-centerimg\" src=\"http:\/\/ferrazdistribuidora.com.br\/wp-content\/uploads\/2023\/08\/top-view-delicious-fries-sauce.png\" alt=\"\"> <\/div> <div  class=\"about-big-images-rightimgcol\"><img  decoding=\"async\" class=\"about-big-images-rightimg\" src=\"http:\/\/ferrazdistribuidora.com.br\/wp-content\/uploads\/2023\/08\/close-up-kid-hand-touching-potato-scaled.jpg\" alt=\"\"> <\/div> <\/div> <\/div><div  data-label=\"Clients\" data-id=\"clients-strip-section\" data-category=\"clients\" class=\"clients-strip-section\" id=\"clients-2\" style=\"background-color: rgb(255, 255, 255);\"> <div  class=\"row_187\" data-type=\"row\" data-add-content=\"false\"> <div  class=\"clients-strip-itemcol cp3cols\"> <div  class=\"middle_align1\"><a href=\"#\" target=\"_self\" rel=\"noopener\"><img  decoding=\"async\" class=\"clients-strip-itemimg\" src=\"http:\/\/ferrazdistribuidora.com.br\/wp-content\/uploads\/2023\/08\/burgermap.png\"><\/a> <\/div> <\/div>  <div  class=\"clients-strip-itemcol cp3cols\"> <div  class=\"middle_align1\"><a href=\"#\" target=\"_self\" rel=\"noopener\"><img  decoding=\"async\" class=\"clients-strip-itemimg\" src=\"http:\/\/ferrazdistribuidora.com.br\/wp-content\/uploads\/2023\/08\/debetti.png\"><\/a> <\/div> <\/div> <div  class=\"clients-strip-itemcol cp3cols\"> <div  class=\"middle_align1\"><a href=\"#\" target=\"_self\" rel=\"noopener\"><img  decoding=\"async\" class=\"clients-strip-itemimg\" src=\"http:\/\/ferrazdistribuidora.com.br\/wp-content\/uploads\/2023\/08\/sant.png\"><\/a> <\/div> <\/div><div  class=\"clients-strip-itemcol cp3cols\"> <div  class=\"middle_align1\"><a href=\"#\" target=\"_self\" rel=\"noopener\"><img  decoding=\"async\" class=\"clients-strip-itemimg\" src=\"http:\/\/ferrazdistribuidora.com.br\/wp-content\/uploads\/2023\/08\/lolla-1-e1691429897658.jpg\"><\/a> <\/div> <\/div>   <\/div><\/div><div  data-label=\"Overlapable\" data-id=\"stripped-coloured-icon-boxes\" data-category=\"overlapable\" class=\"features-coloured-icon-boxes-section stripped-coloured-icon-boxes\" data-overlap=\"true\" id=\"overlapable-2\" style=\"background-color: rgb(255, 255, 255);\"> <div  class=\"gridContainer\"> <div  class=\"features-coloured-icon-boxes-innerrow flexbox-list dark-text\" data-type=\"row\"> <div  class=\"features-coloured-icon-boxes-featurecol cp3cols\"> <div class=\"spacer\" data-type=\"group\" ><span class=\"fa before\" ><\/span><i class=\"fa fa-bandcamp\"  data-reiki-hidden=\"true\"><\/i><span class=\"fa after\" ><\/span><\/div><div  class=\"features-coloured-icon-boxes-iconcontainer\" data-content-item-container=\"true\"> <i  data-cp-fa=\"true\" class=\"features-coloured-icon fa fa-whatsapp\"><\/i> <\/div>   <a class=\"features-coloured-button\" href=\"https:\/\/wa.me\/5511996083111\" target=\"_blank\" rel=\"noopener\">Fale com a gente por Whatsapp<\/a> <\/div> <div  class=\"features-coloured-icon-boxes-featurecol cp3cols\"> <div class=\"spacer\" data-type=\"group\" ><span class=\"fa before\" ><\/span><i class=\"fa fa-bandcamp\"  data-reiki-hidden=\"true\"><\/i><span class=\"fa after\" ><\/span><\/div><div  class=\"features-coloured-icon-boxes-iconcontainer\" data-content-item-container=\"true\"> <i  data-cp-fa=\"true\" class=\"features-coloured-icon fa fa-instagram\"><\/i> <\/div>   <a class=\"features-coloured-button\" href=\"https:\/\/www.instagram.com\/ferrazdistribuidora\" target=\"_blank\" rel=\"noopener\">Siga-nos no Instagram<\/a> <\/div> <div  class=\"features-coloured-icon-boxes-featurecol cp3cols\"> <div class=\"spacer\" data-type=\"group\" ><span class=\"fa before\" ><\/span><i class=\"fa fa-bandcamp\"  data-reiki-hidden=\"true\"><\/i><span class=\"fa after\" ><\/span><\/div><div  class=\"features-coloured-icon-boxes-iconcontainer\" data-content-item-container=\"true\"> <i  data-cp-fa=\"true\" class=\"features-coloured-icon fa fa-at\"><\/i> <\/div>   <a class=\"features-coloured-button\" href=\"mailto:contato@ferrazdistribuidora.com.br\" target=\"_blank\" rel=\"noopener\">Nos escreva<\/a> <\/div>  <\/div> <\/div><\/div>","protected":false},"excerpt":{"rendered":"<p>Conhe\u00e7a nossos produtos&nbsp; Quando se fala em hortifruti, a gente entende do assunto! Batata Inglesa Batata Bolinha Batata Doce Cebola Branca Cebola Roxa Cebolinha Ovo Branco Ovo Caipira Ovo de Codorna Alho Alho Descascado R\u00e9stias Pimenta, Cebola e Alho Laranja Lim\u00e3o Tomate Verduras e Legumes SOBRE A FERRAZ Formamos um time que entende de hortifruti&hellip; <br \/> <a class=\"button small blue\" href=\"https:\/\/ferrazdistribuidora.com.br\/index.php\/2023\/08\/02\/ola-mundo\/\">Read more<\/a><\/p>\n","protected":false},"author":1,"featured_media":0,"parent":0,"menu_order":0,"comment_status":"closed","ping_status":"closed","template":"","meta":{"om_disable_all_campaigns":false,"_monsterinsights_skip_tracking":false,"_monsterinsights_sitenote_active":false,"_monsterinsights_sitenote_note":"","_monsterinsights_sitenote_category":0},"aioseo_notices":[],"_links":{"self":[{"href":"https:\/\/ferrazdistribuidora.com.br\/index.php\/wp-json\/wp\/v2\/pages\/7"}],"collection":[{"href":"https:\/\/ferrazdistribuidora.com.br\/index.php\/wp-json\/wp\/v2\/pages"}],"about":[{"href":"https:\/\/ferrazdistribuidora.com.br\/index.php\/wp-json\/wp\/v2\/types\/page"}],"author":[{"embeddable":true,"href":"https:\/\/ferrazdistribuidora.com.br\/index.php\/wp-json\/wp\/v2\/users\/1"}],"replies":[{"embeddable":true,"href":"https:\/\/ferrazdistribuidora.com.br\/index.php\/wp-json\/wp\/v2\/comments?post=7"}],"version-history":[{"count":13,"href":"https:\/\/ferrazdistribuidora.com.br\/index.php\/wp-json\/wp\/v2\/pages\/7\/revisions"}],"predecessor-version":[{"id":105,"href":"https:\/\/ferrazdistribuidora.com.br\/index.php\/wp-json\/wp\/v2\/pages\/7\/revisions\/105"}],"wp:attachment":[{"href":"https:\/\/ferrazdistribuidora.com.br\/index.php\/wp-json\/wp\/v2\/media?parent=7"}],"curies":[{"name":"wp","href":"https:\/\/api.w.org\/{rel}","templated":true}]}}